{"id":11,"date":"2021-05-28T09:39:33","date_gmt":"2021-05-28T09:39:33","guid":{"rendered":"https:\/\/putokazi.eu\/web\/?page_id=11"},"modified":"2022-05-28T09:17:39","modified_gmt":"2022-05-28T09:17:39","slug":"impressum","status":"publish","type":"page","link":"https:\/\/putokazi.eu\/web\/impressum\/","title":{"rendered":"Impressum"},"content":{"rendered":"<p style=\"text-align: center;\"><strong>NAKLADNIK<\/strong><\/p>\n<p style=\"text-align: center;\">Sveu\u010dili\u0161te Hercegovina<br \/>\nKneza M. Vi\u0161evi\u0107a Humskog bb<\/p>\n<p style=\"text-align: center;\">88000 Mostar, BiH<\/p>\n<p style=\"text-align: center;\">UREDNI\u010cKO VIJE\u0106E<\/p>\n<p style=\"text-align: left;\">Dr. sc. Jasna Bogdanovi\u0107 \u010curi\u0107, izvanredni professor, Sveu\u010dili\u0161te Hercegovina u Mostaru, BIH<br \/>\nDdr. sc. Milenko Kunda\u010dina, profesor emeritus, Sveu\u010dili\u0161te Hercegovina u Mostaru, BiH<br \/>\nDr. sc. Josip Vrbo\u0161i\u0107, redoviti profesor, Sveu\u010dili\u0161te Hercegovina u Mostaru, BiH<br \/>\nDr. sc. Ivan Balta, redoviti profesor, Sveu\u010dili\u0161te u Osijeku, Hrvatska<br \/>\nDr. sc. Miroslav Prsta\u010di\u0107, profesor emeritus, Sveu\u010dili\u0161te Hercegovina u Mostaru, BiH<br \/>\nDr. sc. Mile Ra\u010di\u0107, redoviti profesor, Sveu\u010dili\u0161te Hercegovina u Mostaru, BiH<br \/>\nDr. sc. Miljenko Buljac, izvanredni profesor, Univerzitet u Splitu, Hrvatska<br \/>\nDr. sc. Sa\u0161a Mili\u0107, izvanredni profesor, Filozofski fakultet Univerziteta Crne Gore<br \/>\nDr. sc. Josip Ivanovi\u0107, izvanredni profesor, Univerzitet u Novom Sadu, Srbija<br \/>\nDr. sc. Vi\u0161nja Bukvi\u0107, izvanredni profesor, Sveu\u010dili\u0161te Hercegovina u Mostaru, BiH<br \/>\nDr. sc. Ivan Marke\u0161i\u0107, redoviti profesor, Sveu\u010dili\u0161te Hercegovina u Mostaru, BiH<br \/>\nDr. sc. Gordan Radi\u0107, docent, Sveu\u010dili\u0161te Hercegovina u Mostaru, BiH<br \/>\nDr. sc. Sa\u0161a \u010cekrlija, docent, Nezavisni univerzitet u Banja Luci, BiH<br \/>\nDr. sc. Marija Bili\u0107, docent, Sveu\u010dili\u0161te Hercegovina u Mostaru, BiH<br \/>\nDr. sc. Mato \u017divkovi\u0107, docent, Sveu\u010dili\u0161te Hercegovina u Mostaru, BiH<br \/>\nDr. sc. Edin Mujkanovi\u0107, docent Sveu\u010dili\u0161te Hercegovina u Mostaru, BiH<br \/>\nDr. sc. Vedrana \u0160uvar, docent, Sveu\u010dili\u0161te Hercegovina u Mostaru, BiH<br \/>\nDr. sc. Ned\u017ema D\u017eananovi\u0107 Mira\u0161\u010dija, docent, Univerzitet u Sarajevu, BiH<br \/>\nDr. sc. Amra Tuzovi\u0107, docent, Univerzitet u Travniku, BiH<br \/>\nDr. sc. Daniela Mati\u0107, docent, Sveu\u010dili\u0161te Hercegovina u Mostaru, BiH<br \/>\nKatarina Lasi\u0107, magistar, Sveu\u010dili\u0161te Hercegovina u Mostaru, BiH<\/p>\n<p style=\"text-align: center;\">GLAVNI UREDNIK<br \/>\nDdr. sc. Milenko Kunda\u010dina, professor emeritus<\/p>\n<p>UREDNI\u0160TVO<br \/>\nDdr. sc. Milenko Kunda\u010dina, profesor emeritus, glavni urednik<br \/>\nDr. sc. Miljenko Buljac, izvanredni professor, zamjenik glavnog urednika<br \/>\nDr. sc. Daniela Mati\u0107, docent<br \/>\nDr. sc. Gordan Radi\u0107, docent<br \/>\nKatarina Lasi\u0107, mag. tajnica uredni\u0161tva<\/p>\n<p style=\"text-align: center;\">NASLOVNA STRANICA<br \/>\nIvan Dodig<\/p>\n<p style=\"text-align: center;\">GRAFI\u010cKO OBLIKOVANJE<br \/>\nTomislav Primorac<\/p>\n<p style=\"text-align: center;\">TISAK<br \/>\nIntergrafika Mostar<\/p>\n","protected":false},"excerpt":{"rendered":"<p>NAKLADNIK Sveu\u010dili\u0161te Hercegovina Kneza M. Vi\u0161evi\u0107a Humskog bb 88000 Mostar, BiH UREDNI\u010cKO VIJE\u0106E Dr. sc. Jasna Bogdanovi\u0107 \u010curi\u0107, izvanredni professor, Sveu\u010dili\u0161te Hercegovina u Mostaru, BIH Ddr. sc. Milenko Kunda\u010dina, profesor emeritus, Sveu\u010dili\u0161te Hercegovina u Mostaru, BiH Dr. sc. Josip Vrbo\u0161i\u0107, redoviti profesor, Sveu\u010dili\u0161te Hercegovina u Mostaru, BiH Dr. sc. Ivan Balta, redoviti profesor, Sveu\u010dili\u0161te u&hellip; <a class=\"more-link\" href=\"https:\/\/putokazi.eu\/web\/impressum\/\">Nastavi \u010ditati <span class=\"screen-reader-text\">Impressum<\/span><\/a><\/p>\n","protected":false},"author":1,"featured_media":0,"parent":0,"menu_order":0,"comment_status":"closed","ping_status":"closed","template":"","meta":{"footnotes":""},"class_list":["post-11","page","type-page","status-publish","hentry","entry"],"_links":{"self":[{"href":"https:\/\/putokazi.eu\/web\/wp-json\/wp\/v2\/pages\/11","targetHints":{"allow":["GET"]}}],"collection":[{"href":"https:\/\/putokazi.eu\/web\/wp-json\/wp\/v2\/pages"}],"about":[{"href":"https:\/\/putokazi.eu\/web\/wp-json\/wp\/v2\/types\/page"}],"author":[{"embeddable":true,"href":"https:\/\/putokazi.eu\/web\/wp-json\/wp\/v2\/users\/1"}],"replies":[{"embeddable":true,"href":"https:\/\/putokazi.eu\/web\/wp-json\/wp\/v2\/comments?post=11"}],"version-history":[{"count":3,"href":"https:\/\/putokazi.eu\/web\/wp-json\/wp\/v2\/pages\/11\/revisions"}],"predecessor-version":[{"id":56,"href":"https:\/\/putokazi.eu\/web\/wp-json\/wp\/v2\/pages\/11\/revisions\/56"}],"wp:attachment":[{"href":"https:\/\/putokazi.eu\/web\/wp-json\/wp\/v2\/media?parent=11"}],"curies":[{"name":"wp","href":"https:\/\/api.w.org\/{rel}","templated":true}]}}