{"id":5,"date":"2021-05-28T09:34:42","date_gmt":"2021-05-28T09:34:42","guid":{"rendered":"https:\/\/putokazi.eu\/web\/?page_id=5"},"modified":"2021-05-28T09:34:42","modified_gmt":"2021-05-28T09:34:42","slug":"o-casopisu","status":"publish","type":"page","link":"https:\/\/putokazi.eu\/web\/","title":{"rendered":"O \u010casopisu"},"content":{"rendered":"<p>Misija \u010dasopisa PUTOKAZI je da znanstvenoj i stru\u010dnoj javnosti prezentira aktualne rezultate znanstveno-istra\u017eiva\u010dkog i stru\u010dnog anga\u017eiranja, prvenstveno iz disciplina koje se izu\u010davaju na preddiplomskim, diplomskim i poslijediplomskih studijima Sveu\u010dili\u0161ta Hercegovina, te da prati aktualna zbivanja u ovim podru\u010djima. Empirijska istra\u017eivanja i teorijska analiza podjednako su zna\u010dajne i bit \u0107e objavljeni ukoliko po mi\u0161ljenju recenzenata i urednika zadovoljavaju standarde \u010casopisa.<\/p>\n<p><strong>Uvodnik urednika prof. ddr. sc. Milenka Kunda\u010dine<\/strong><\/p>\n<p><em>Sveu\u010dili\u0161te Hercegovina<\/em>, prvo neovisno sveu\u010dili\u0161te na podru\u010dju Hercegovine, s ustrojbenim jedinicama: Fakultetom dru\u0161tvenih znanosti dr. Milenka Brki\u0107a u Bijakovi\u0107ima i Fakultetom za me\u0111unarodne odnose i diplomaciju u Mostara, pokrenulo je 2013. godine elektroni\u010dki \u010dasopis\u00a0<em>Putokazi<\/em>. Uredni\u0161tvo koje je od po\u010detka ure\u0111ivalo \u010dasopis zaslu\u017euje sve pohvale za rad na osnivanju i uspostavljanju ritma redovita izla\u017eenja, posebno dr. sc. Vi\u0161nja Bukvi\u0107, glavna i odgovorna urednica. Od godine 2017. djeluje novi sastav uredni\u0161tva, koji nastoji odr\u017eati postignuto i trudi se iskora\u010diti korak vi\u0161e u pogledu aktualnosti i kvalitete radova. Cilj nam je dosada\u0161nja postignu\u0107a \u010dasopisa podignuti na vi\u0161u razinu, imaju\u0107i u vidu \u010dinjenicu da nema istinske akademske karijere nastavnika i suradnika bez stalnih ogleda, potvrda i provjera u znanstvenoj periodici.<\/p>\n<p>U \u010dasopisu objavljujemo radove koji znanstvenoj i stru\u010dnoj javnosti prezentiraju aktualne rezultate istra\u017eivanja iz znanosti i znanstvenih disciplina koje se izu\u010davaju na preddiplomskim, diplomskim i poslijediplomskih studijima Sveu\u010dili\u0161ta iz pedagogije, psihologije, defektologije, ekonomije, menad\u017ementa, prava, me\u0111unarodnih odnosa, diplomacije, ekologije, za\u0161tite okoli\u0161a, turizma, kao i iz drugih srodnih znanstvenih polja i grana. \u010casopis tako\u0111er objavljuje teorijska razmatranja i radove proistekle iz empirijskih istra\u017eivanja pojedinih pitanja iz razli\u010ditih polja navedenih znanstvenih podru\u010dja. To obvezuje Sveu\u010dili\u0161te, ali i suradnike \u010dasopisa, da oslanjaju\u0107i se na postignu\u0107a u znanosti, svojim radom pridonose suvremenim znanstvenim rezultatima, unaprje\u0111enju teorije i dru\u0161tvene prakse. \u010casopis izlazi dva puta godi\u0161nje, koncem lipnja\u00a0i koncem prosinca. Radovi se \u0161alju isklju\u010divo na elektroni\u010dku adresu redakcije:\u00a0<strong>\u00a0<\/strong><a href=\"mailto:putokazi@hercegovina.edu.ba\">putokazi@hercegovina.edu.ba<\/a><strong>.<\/strong><\/p>\n<p>Osim izvornih znanstvenih \u010dlanaka i preglednih \u010dlanaka \u010dasopis objavljuje i stru\u010dne \u010dlanke, kriti\u010dke osvrte, prikaze i recenzije knjiga, kronike stru\u010dnih i znanstvenih skupova i kriti\u010dke osvrte o njihovim dometima. Poput ve\u0107 ustaljene prakse u svijetu, \u010dasopis otvara vrata i \u010dlancima na engleskome jeziku i priprema tematske sveske \u010dasopisa. Namjera redakcije jest uobli\u010diti i stvarati znanstvenu biblioteku pod nazivom\u00a0<em>Putokazi,<\/em>\u00a0u kojoj \u0107e se prvenstveno objavljivati monografije nastale iz istra\u017eivanja u doktorskim disertacijama.<\/p>\n<p>Upute za autore sa standardima za pripremu radova na hrvatskome i engleskom jeziku nalaze u svim objavljenim svescima te na mre\u017enim stranicama \u010dasopisa (<a href=\"http:\/\/www.putokazi.eu\/\">www.putokazi.eu<\/a>). Od 2017. godine \u010dasopis\u00a0<em>Putokazi<\/em>, osim na navedenoj mre\u017enoj stranici u elektroni\u010dkome, dostupan je i u tiskanom obliku. Uredni\u0161tvo je otvoreno za suradnju, pomo\u0107 i naravno, na utemeljenu i dobronamjernu kritiku.<\/p>\n<p>&nbsp;<\/p>\n<p>&nbsp;<\/p>\n<p>Glavni i odgovorni urednik<\/p>\n<p><em>ddr. sc. Milenko Kunda\u010dina, profesor emeritus<\/em><\/p>\n<p><strong>\u00a0putokazi@hercegovina.edu.ba<\/strong><\/p>\n","protected":false},"excerpt":{"rendered":"<p>Misija \u010dasopisa PUTOKAZI je da znanstvenoj i stru\u010dnoj javnosti prezentira aktualne rezultate znanstveno-istra\u017eiva\u010dkog i stru\u010dnog anga\u017eiranja, prvenstveno iz disciplina koje se izu\u010davaju na preddiplomskim, diplomskim i poslijediplomskih studijima Sveu\u010dili\u0161ta Hercegovina, te da prati aktualna zbivanja u ovim podru\u010djima. Empirijska istra\u017eivanja i teorijska analiza podjednako su zna\u010dajne i bit \u0107e objavljeni ukoliko po mi\u0161ljenju recenzenata i&hellip; <a class=\"more-link\" href=\"https:\/\/putokazi.eu\/web\/\">Nastavi \u010ditati <span class=\"screen-reader-text\">O \u010casopisu<\/span><\/a><\/p>\n","protected":false},"author":1,"featured_media":0,"parent":0,"menu_order":0,"comment_status":"closed","ping_status":"closed","template":"","meta":{"footnotes":""},"class_list":["post-5","page","type-page","status-publish","hentry","entry"],"_links":{"self":[{"href":"https:\/\/putokazi.eu\/web\/wp-json\/wp\/v2\/pages\/5","targetHints":{"allow":["GET"]}}],"collection":[{"href":"https:\/\/putokazi.eu\/web\/wp-json\/wp\/v2\/pages"}],"about":[{"href":"https:\/\/putokazi.eu\/web\/wp-json\/wp\/v2\/types\/page"}],"author":[{"embeddable":true,"href":"https:\/\/putokazi.eu\/web\/wp-json\/wp\/v2\/users\/1"}],"replies":[{"embeddable":true,"href":"https:\/\/putokazi.eu\/web\/wp-json\/wp\/v2\/comments?post=5"}],"version-history":[{"count":1,"href":"https:\/\/putokazi.eu\/web\/wp-json\/wp\/v2\/pages\/5\/revisions"}],"predecessor-version":[{"id":6,"href":"https:\/\/putokazi.eu\/web\/wp-json\/wp\/v2\/pages\/5\/revisions\/6"}],"wp:attachment":[{"href":"https:\/\/putokazi.eu\/web\/wp-json\/wp\/v2\/media?parent=5"}],"curies":[{"name":"wp","href":"https:\/\/api.w.org\/{rel}","templated":true}]}}