{"id":7,"date":"2021-05-28T09:38:42","date_gmt":"2021-05-28T09:38:42","guid":{"rendered":"https:\/\/putokazi.eu\/web\/?page_id=7"},"modified":"2021-05-28T09:38:42","modified_gmt":"2021-05-28T09:38:42","slug":"upute-autorima","status":"publish","type":"page","link":"https:\/\/putokazi.eu\/web\/upute-autorima\/","title":{"rendered":"Upute autorima"},"content":{"rendered":"<p>U \u010dasopisu\u00a0<em>Putokazi\u00a0<\/em>Sveu\u010dili\u0161ta Hercegovina u Mostaru objavljuju se izvorni znanstveni, pregledni i stru\u010dni radovi iz podru\u010dja znanstvenih disciplina koje se izu\u010davaju na Sveu\u010dili\u0161tu, a koji nisu prethodno objavljeni i nisu u procesu recenziranja u drugom \u010dasopisu. Radovi se strukturiraju u skladu sa IMPRAD-formatom koji je propisala Ameri\u010dka psiholo\u0161ka asocijacija APA.<\/p>\n<p><em>Jezik.<\/em>\u00a0Radovi se objavljuju na jezicima konstitutivnih naroda u BiH: hrvatskom, bosanskom,\u00a0srpskom, i na engleskom jeziku.<\/p>\n<p><em>Pisanje rada.\u00a0<\/em>Ra\u00addo\u00advi se pi\u0161u u tekst pro\u00adce\u00adso\u00adru Mic\u00adro\u00adsoft Of\u00adfi\u00adce Word \u2013 fon\u00adtom Ti\u00admes New Ro\u00adman (ve\u00adli\u00ad\u010di\u00adne 12, to\u00ad\u010da\u00adka za osnov\u00adni tekst i 11 to\u00ad\u010da\u00adka za fu\u00adsno\u00adte i popis li\u00adte\u00adra\u00adtu\u00adre), s razmakom 1,5. Stranice se numeriraju u donjem desnom kutu. Ra\u00addo\u00advi tre\u00adbajubiti pi\u00adsa\u00adni ja\u00adsno i ra\u00adzu\u00admlji\u00advo, lo\u00adgi\u010dki\u00adm re\u00addom.<\/p>\n<p><em>Autor.\u00a0<\/em>Ime i prezime autora (koautora), naziv institucije (sveu\u010dili\u0161te, fakultet), mjesto, dr\u017eava (ukoliko je autor iz inozemstva). Pi\u0161e se malim slovima, centrirano, boldom, 12,0 to\u010daka.<\/p>\n<p><em>Naslov rada.<\/em>Naslov tre\u00adba biti in\u00adfor\u00adma\u00adti\u00advan tako da obuhvati pred\u00admet pro\u00adu\u00ad\u010da\u00adva\u00adnja \u2013 is\u00adtra\u00ad\u017ei\u00adva\u00adnja i da ne sa\u00addr\u00ad\u017ei vi\u00ad\u0161e od de\u00adset rije\u00ad\u010di. Uz naslov rada mo\u017ee u fusnoti biti bilje\u0161ka o radu ako je nastao iz istra\u017eiva\u010dkoga projekta ili predstavlja ekspoze obranjene disertacije, ili njezinih dijelova, s podacima o fakultetu i povjerenstvu. Naslov se pi\u0161e velikim slovima, centrirano, boldom, 14,0.<\/p>\n<p><em>Sa\u017eetak rada.\u00a0<\/em>Obim sa\u017eetka ne smije biti iznad 250 rije\u010di ili do 1400 znakova, na jeziku na kojem je rad napisan. U Sa\u017eetku treba iznijeti svrhu i cilj ra\u00adda, me\u00adto\u00adde, glav\u00adne re\u00adzul\u00adta\u00adte i za\u00adklju\u010da\u00adk. Tekst sa\u017eetka pi\u0161e se normalom, 12,0.<\/p>\n<p><em>Klju\u010dne rije\u010di.\u00a0<\/em>Potrebno je napisati pet klju\u010dnih rije\u010di ili kra\u0107ih sintagma odvojenih zarezom, italicom, 12. Iza posljednje dolazi to\u010dka. U klju\u010dne rije\u010di ne ulaze one koje su u naslovu rada.<\/p>\n<p><em>Tekst rada.<\/em>\u00a0Ra\u00addo\u00adve em\u00adpi\u00adrij\u00adskoga ka\u00adrak\u00adte\u00adra po\u00adtreb\u00adno je struk\u00adtu\u00adri\u00adra\u00adti ta\u00adko da osim uvo\u00adda i za\u00adklju\u010d\u00adka, ima\u00adju tri osnov\u00adna dije\u00adla: 1) Te\u00ado\u00adrij\u00adski pri\u00adstup pro\u00adble\u00admu, 2) Me\u00adto\u00addo\u00adlo\u00ad\u0161ki okvir is\u00adtra\u00ad\u017ei\u00adva\u00adnja i 3) Re\u00adzul\u00adta\u00adti i diskusija.<\/p>\n<p><em>Uvod .\u00a0<\/em>Malim slovima, centrirano, normal, bez obilje\u017eavanja brojem. Tekst uvoda se pi\u0161e normalom,12,0.<\/p>\n<p><em>Podnaslovi rada.\u00a0<\/em>Glavni podnaslovi ispisuju se velikim slovima, bez numeriranja brojevima, centrirano, normal, boldom 12. Podnaslovi, malim slovima, centrirano, bez obilje\u017eavanja brojevima, boldom, 12,0.<\/p>\n<p><em>Citirtanje.<\/em>\u00a0Pozivanje na autore u tekstu navodi se u zagradi unosom prezimena autora i godine izdanja, npr. (usp. Mati\u0107,2012). Ci\u00adtate pra\u00adte re\u00adfe\u00adren\u00adce s pre\u00adzi\u00adme\u00adnom au\u00adto\u00adra, go\u00addi\u00adnom ob\u00adja\u00advlji\u00adva\u00adnja i bro\u00adjem stra\u00adni\u00adce, npr. (Mati\u0107, 2012: 56). Pri citiranju ko\u00adri\u00adste se na\u00advod\u00adni\u00adci (\u201en\u201d) i po\u00adlu\u00adna\u00advod\u00adnici (\u2019n\u2019). Za radove s dva autora navode se oba, a za vi\u0161e koautora poslije prvog dodaje se kratica: i sur. Za citate od preko 350 znakova potrebno je zatra\u017eiti pismenu dozvolu za publiciranje.<\/p>\n<p><em>Fu\u00adsno\u00adte i kra<\/em><em>ti<\/em><em>\u00adce.\u00a0<\/em>Fu\u00adsno\u00adte se ko\u00adri\u00adste za ob\u00adja\u00ad\u0161nje\u00adnja. Krati\u00adce tre\u00adba iz\u00adbje\u00adga\u00adva\u00adti.<\/p>\n<p><em>Tablice, grafikoni, sheme i slike.<\/em>\u00a0Tablice se rade u pro\u00adgra\u00admu Mic\u00adro\u00adsoft Of\u00adfi\u00adce Word (bez vertikalnih linija), a ilu\u00adstra\u00adci\u00adje (sli\u00adke i cr\u00adte\u00ad\u017ei) u JPG for\u00adma\u00adtu, s maksimalnom \u0161irinom 11,5cm. Imenuju se bro\u00adjem, pra\u00adte\u00ad\u0107i re\u00addo\u00adslijed u tek\u00adstu ili u pri\u00adlo\u00adzima, i odgovaraju\u0107im naslovom, centrirano (italic, 10,5), npr. \u0422ablica 3.\u00a0<em>Struktura uzorka istra\u017eivanja.\u00a0<\/em>Nazivi tablica i gra\u00adfi\u00adko\u00adna ispisuju se iz\u00adnad, a sli\u00adka i shema is\u00adpod. Tablice iz SPSS-a i ostalih stratisti\u010dkih programa potrebno je prevesti na jeziku na kome je rad napisan. Rezolucija digitalnih slika ograni\u010dena je najmanje na 300 dpi. Za\u00a0slike iz tiskanih izvora potrebno je prilo\u017eiti pismeno odobrenje vlasnika autorskih prava.\u00a0Ispod preuzetih tablica, grafikona i slika navodi se izvor. Uko\u00adli\u00adko je po\u00adtreb\u00adno, navode se I ob\u00adja\u00ad\u0161nje\u00adnja ozna\u00adka ko\u00adje su ko\u00adri\u00ad\u0161tene. Autor je obvezan da na zahtjev urednika ili recenzenata dostavi bazu podataka iz koje su izra\u010dunate statisti\u010dke mjere.<\/p>\n<p><em>Odlomci:\u00a0<\/em>Prva rije\u010d odlomka se uvla\u010di za \u0161est slovnih mjesta. Prored izme\u0111u odlomaka je isti kao i izme\u0111u redova (1,5).<\/p>\n<p><em>Is\u00adti\u00adca\u00adnje tek\u00adsta.\u00a0<\/em>Is\u00adti\u00adca\u00adnje dije\u00adlo\u00adva tek\u00adsta iz\u00advo\u00addi se kur\u00adzi\u00advom.<\/p>\n<p><em>Interpunkcijski znaci i brojevi.\u00a0<\/em>Uvijek se pi\u0161u normalom.<\/p>\n<p><em>Zaklju\u010dak.\u00a0<\/em>Osim osnovnih nalaza istra\u017eivanja u zaklju\u010dcima se navode implikacije za praksu i daju ideje za nova istra\u017eivanja. Podnaslov\u00a0<em>Z<\/em><em>aklju\u010dak<\/em>\u00a0ispisuje se boldom, centrirano, 12.<\/p>\n<p><em>Literatura.<\/em>\u00a0Navode se samo reference koje su citirane i na koje se poziva u radu, i to abecednim redom prema prezimenu autora,\u00a0bez numeracije.<\/p>\n<p>Monografije, ud\u017ebenici, leksikoni:<\/p>\n<p>Jan\u00adko\u00advi\u0107 V. (1973).\u00a0<em>Slo\u00adbod\u00adno vri\u00adje\u00adme u peda\u00adgo\u00ad\u0161koj teo\u00adri\u00adji i prak\u00adsi<\/em>. Zagreb: PKZ.<\/p>\n<p>\u010clanci u \u010dasopisima:<\/p>\n<p>Doutlik, K. (2014). Stavovi roditelja o suradnji s u\u010diteljima u Waldorfskoj \u0161koli.\u00a0<em>\u0160kolski vjesnik,<\/em>\u00a063(4), 531\u2012552.<\/p>\n<p>\u010clanci u zbornicima:<\/p>\n<p>Sekuli\u0107-Majurec, A. (2007). \u201eUloga sudionika odgojno-obrazovnog procesa u stvaranju, provedbii vrednovanju kurikuluma\u201c. U: Previ\u0161i\u0107, V. (ur.):\u00a0<em>Kurikulum: teorije \u2013 metodologija, sadr\u017eaj \u2013 struktura\u00a0<\/em>(305\u2012328). Zagreb: Zavod za pedagogiju Filozofskog fakulteta u Zagrebu.<\/p>\n<p>Veb do\u00adku\u00admenti:<\/p>\n<p><em>Percepcija.\u00a0<\/em>(2012). Psychological Interactive, 2, 12<em>\u201318,<\/em>\u00a0www.wiki.com (pristupljeno 14.10. 2012).<\/p>\n<p>Uko\u00adli\u00adko se u tekstu na\u00advo\u00addi ve\u00ad\u0107i broj ra\u00addo\u00adva istog au\u00adto\u00adra pu\u00adbli\u00adciranih u is\u00adtoj go\u00addi\u00adni, uz godinu izdanja dodaju se po\u010detna slova abecede, npr. 2010a, 2010b. Termin\u00a0<em>Literatura\u00a0<\/em>ispisuje se centrirano, boldom, normalom, 11.<\/p>\n<p><em>Sa\u017eetak na engleskom jeziku<\/em>. Ako je rad pisan hrvatskim, bosanskim ili srpskim jezikom, sa\u017eetak treba pisati na engleskom jeziku. Ako je rad pisan na engleskom jeziku sa\u017eetak se pi\u0161e hrvatskim jezikom. Uz\u00a0<em>S<\/em><em>a\u017eetak<\/em>\u00a0navode se: ime i prezime autora (koautora), institucija, mjesto i naslov rada Tekst sa\u017eetka: italicom 10,5.<\/p>\n<p><em>Klju\u010dne rije\u010di na engleskom jeziku.<\/em>\u00a0Ako je rad pisan na hrvatskom, bosanskom ili srpskom jeziku klju\u010dne rije\u010di\u00a0 pi\u0161use na engleskom jeziku. Ako je rad pisan na engleskom jeziku tada se pi\u0161u na hrvatskom\u00a0jeziku.<\/p>\n<p><em>Opseg rada.\u00a0<\/em>Do jednoga autorskog arka, odnosno 30000 znakova s praznim mjestima. U to ograni\u010denje ne ulazi\u00a0<em>Sa\u017eetak\u00a0<\/em>i<em>\u00a0Popis\u00a0<\/em><em>literature.\u00a0<\/em>Za pregledne radove urednik mo\u017ee u izuzetnim slu\u010dajevima dopustiti pro\u0161irenje teksta za 20%.<\/p>\n<p><em>Eva\u00adlu\u00ada\u00adci\u00adja ra\u00addo\u00adva.<\/em>\u00a0Radove re\u00adcen\u00adzi\u00adra\u00adju dva re\u00adcen\u00adzen\u00adta, kojim nije dostupan autorov identitet, a ni autorima identitet recenzenata. Iz navedenih razloga iz teksta treba izostaviti sve \u0161to mo\u017ee otkriti autora (kao \u0161to su, npr., prepoznatljive autoreference. Rad mo\u017ee biti: 1) prihva\u0107en za objavljivanje, 2) upu\u0107en na doradu, 3) odbijen za objavljivanje. O rezultatima recenzije autori\/koautori obavje\u0161tavaju se dostavljanjem recenzentskog lista. Uredni\u0161tvo kategorira radove u znanstvene i stru\u010d\u00adne. Znanstveni radovi: 1) izvorni znanstveni \u010dla\u00adnak, 2) pre\u00adgled\u00adni \u010dla\u00adnak, 3)pret\u00adhod\u00adno priop\u0107enje, 4) znanstvena kri\u00adti\u00adka, od\u00adno\u00adsno po\u00adle\u00admi\u00adka. Stru\u010d\u00adni radovi: 1) stru\u010d\u00adni \u010dla\u00adnak, 2) in\u00adfor\u00adma\u00adtiv\u00adni pri\u00adlog, 3) pri\u00adkaz, 4) bi\u00adbli\u00ado\u00adgra\u00adfi\u00adja.<\/p>\n<p><em>Dostav<\/em><em>e<\/em><em>\u00a0radova.<\/em>\u00a0Radovi se dostavljaju nae-mail:\u00a0<a href=\"mailto:putokazi@hercegovina.edu.ba\">putokazi@hercegovina.edu.ba<\/a>\u00a0Uz ra\u00addo\u00adve dostavljaju se\u00a0<em>Autorski obrazac\u00a0\u00a0<\/em>i\u00a0<em>Izjava autora<\/em>, koji se mogu pre\u00adu\u00adze\u00adti na internetskoj stranici: www.putokazi.ba<\/p>\n<p><em>Izdanja<\/em><em>.\u00a0<\/em>\u010casopis izlazi dva puta godi\u0161nje u tiskanom i elektronskom izdanju.<\/p>\n<hr \/>\n<p><a href=\"https:\/\/putokazi.eu\/web\/wp-content\/uploads\/2021\/05\/3.-IZJAVA-AUTORA-1.doc\">Izjava autora<\/a><\/p>\n<p><a href=\"https:\/\/putokazi.eu\/web\/wp-content\/uploads\/2021\/05\/Autorski-obrazac.docx\">Autorski obrazac<\/a><\/p>\n","protected":false},"excerpt":{"rendered":"<p>U \u010dasopisu\u00a0Putokazi\u00a0Sveu\u010dili\u0161ta Hercegovina u Mostaru objavljuju se izvorni znanstveni, pregledni i stru\u010dni radovi iz podru\u010dja znanstvenih disciplina koje se izu\u010davaju na Sveu\u010dili\u0161tu, a koji nisu prethodno objavljeni i nisu u procesu recenziranja u drugom \u010dasopisu. Radovi se strukturiraju u skladu sa IMPRAD-formatom koji je propisala Ameri\u010dka psiholo\u0161ka asocijacija APA. Jezik.\u00a0Radovi se objavljuju na jezicima konstitutivnih&hellip; <a class=\"more-link\" href=\"https:\/\/putokazi.eu\/web\/upute-autorima\/\">Nastavi \u010ditati <span class=\"screen-reader-text\">Upute autorima<\/span><\/a><\/p>\n","protected":false},"author":1,"featured_media":0,"parent":0,"menu_order":0,"comment_status":"closed","ping_status":"closed","template":"","meta":{"footnotes":""},"class_list":["post-7","page","type-page","status-publish","hentry","entry"],"_links":{"self":[{"href":"https:\/\/putokazi.eu\/web\/wp-json\/wp\/v2\/pages\/7","targetHints":{"allow":["GET"]}}],"collection":[{"href":"https:\/\/putokazi.eu\/web\/wp-json\/wp\/v2\/pages"}],"about":[{"href":"https:\/\/putokazi.eu\/web\/wp-json\/wp\/v2\/types\/page"}],"author":[{"embeddable":true,"href":"https:\/\/putokazi.eu\/web\/wp-json\/wp\/v2\/users\/1"}],"replies":[{"embeddable":true,"href":"https:\/\/putokazi.eu\/web\/wp-json\/wp\/v2\/comments?post=7"}],"version-history":[{"count":1,"href":"https:\/\/putokazi.eu\/web\/wp-json\/wp\/v2\/pages\/7\/revisions"}],"predecessor-version":[{"id":10,"href":"https:\/\/putokazi.eu\/web\/wp-json\/wp\/v2\/pages\/7\/revisions\/10"}],"wp:attachment":[{"href":"https:\/\/putokazi.eu\/web\/wp-json\/wp\/v2\/media?parent=7"}],"curies":[{"name":"wp","href":"https:\/\/api.w.org\/{rel}","templated":true}]}}